{"id":646,"date":"2024-07-30T11:45:06","date_gmt":"2024-07-30T11:45:06","guid":{"rendered":"https:\/\/myownsignal.com\/galeria\/"},"modified":"2024-09-13T17:46:48","modified_gmt":"2024-09-13T17:46:48","slug":"galeria","status":"publish","type":"page","link":"https:\/\/myownsignal.com\/pl\/galeria\/","title":{"rendered":"Galeria"},"content":{"rendered":"<h1>Galeria<\/h1>\n<div>\n<p>    <a href=\"#\" id=\"back-to-top\" title=\"Back to Top\">&uarr;<\/a>\n<\/div>\n<ul>\n<li>\n<p>        <img decoding=\"async\" src=\"\/wp-content\/uploads\/2024\/07\/2024_dwg_signal_TERMEKFOTO_02-scaled.jpg\" alt=\"\"><\/p>\n<h3>2024_dwg_signal_TERME\u0301KFOTO\u0301_02<\/h3>\n<\/li>\n<li>\n<p>        <img decoding=\"async\" src=\"\/wp-content\/uploads\/2024\/07\/2024_dwg_signal_TERMEKFOTO_05-1-scaled.jpg\" alt=\"\"><\/p>\n<h3>2024_dwg_signal_TERME\u0301KFOTO\u0301_05 (1)<\/h3>\n<\/li>\n<li>\n<p>        <img decoding=\"async\" src=\"\/wp-content\/uploads\/2024\/07\/2024_dwg_signal_TERMEKFOTO_07-1-scaled.jpg\" alt=\"\"><\/p>\n<h3>2024_dwg_signal_TERME\u0301KFOTO\u0301_07 (1)<\/h3>\n<\/li>\n<li>\n<p>        <img decoding=\"async\" src=\"\/wp-content\/uploads\/2024\/07\/2024_dwg_signal_TERMEKFOTO_15-scaled.jpg\" alt=\"\"><\/p>\n<h3>2024_dwg_signal_TERME\u0301KFOTO\u0301_15<\/h3>\n<\/li>\n<li>\n<p>        <img decoding=\"async\" src=\"\/wp-content\/uploads\/2024\/07\/2024_dwg_signal_TERMEKFOTO_19-scaled.jpg\" alt=\"\"><\/p>\n<h3>2024_dwg_signal_TERME\u0301KFOTO\u0301_19<\/h3>\n<\/li>\n<li>\n<p>        <img decoding=\"async\" src=\"\/wp-content\/uploads\/2024\/07\/2024_dwg_signal_TERMEKFOTO_20-scaled.jpg\" alt=\"\"><\/p>\n<h3>2024_dwg_signal_TERME\u0301KFOTO\u0301_20<\/h3>\n<\/li>\n<li>\n<p>        <img decoding=\"async\" src=\"\/wp-content\/uploads\/2024\/07\/2024_dwg_signal_TERMEKFOTO_29-scaled.jpg\" alt=\"\"><\/p>\n<h3>2024_dwg_signal_TERME\u0301KFOTO\u0301_29<\/h3>\n<\/li>\n<li>\n<p>        <img decoding=\"async\" src=\"\/wp-content\/uploads\/2024\/07\/2024_dwg_signal_TERMEKFOTO_33-scaled.jpg\" alt=\"\"><\/p>\n<h3>2024_dwg_signal_TERME\u0301KFOTO\u0301_33<\/h3>\n<\/li>\n<li>\n<p>        <img decoding=\"async\" src=\"\/wp-content\/uploads\/2024\/07\/2024_dwg_signal_TERMEKFOTO_30-scaled.jpg\" alt=\"\"><\/p>\n<h3>2024_dwg_signal_TERME\u0301KFOTO\u0301_30<\/h3>\n<\/li>\n<li>\n<p>        <img decoding=\"async\" src=\"\/wp-content\/uploads\/2024\/07\/2024_dwg_signal_TERMEKFOTO_46-scaled.jpg\" alt=\"\"><\/p>\n<h3>2024_dwg_signal_TERME\u0301KFOTO\u0301_46<\/h3>\n<\/li>\n<li>\n<p>        <img decoding=\"async\" src=\"\/wp-content\/uploads\/2024\/07\/2024_dwg_signal_TERMEKFOTO_32-scaled.jpg\" alt=\"\"><\/p>\n<h3>2024_dwg_signal_TERME\u0301KFOTO\u0301_32<\/h3>\n<\/li>\n<li>\n<p>        <img decoding=\"async\" src=\"\/wp-content\/uploads\/2024\/07\/2024_dwg_signal_TERMEKFOTO_50-scaled.jpg\" alt=\"\"><\/p>\n<h3>2024_dwg_signal_TERME\u0301KFOTO\u0301_50<\/h3>\n<\/li>\n<li>\n<p>        <img decoding=\"async\" src=\"\/wp-content\/uploads\/2024\/07\/2024_dwg_signal_TERMEKFOTO_58-scaled.jpg\" alt=\"\"><\/p>\n<h3>2024_dwg_signal_TERME\u0301KFOTO\u0301_58<\/h3>\n<\/li>\n<li>\n<p>        <img decoding=\"async\" src=\"\/wp-content\/uploads\/2024\/07\/2024_dwg_signal_TERMEKFOTO_64-scaled.jpg\" alt=\"\"><\/p>\n<h3>2024_dwg_signal_TERME\u0301KFOTO\u0301_64<\/h3>\n<\/li>\n<li>\n<p>        <img decoding=\"async\" src=\"\/wp-content\/uploads\/2024\/07\/2024_dwg_signal_TERMEKFOTO_adonyi_montazs_02-scaled.jpg\" alt=\"\"><\/p>\n<h3>2024_dwg_signal_TERME\u0301KFOTO\u0301_adonyi_montazs_02<\/h3>\n<\/li>\n<\/ul>\n<h2>Co nas wyr\u00f3\u017cnia?<\/h2>\n<div>Zbadajmy mo\u017cliwo\u015bci wsp\u00f3\u0142pracy, kt\u00f3ra wykracza daleko poza biznes \u2013 chodzi o podejmowanie wsp\u00f3lnych dzia\u0142a\u0144 maj\u0105cych pozytywny wp\u0142yw na spo\u0142ecze\u0144stwa!<\/div>\n<p>\n    <a href=\"https:\/\/myownsignal.com\/pl\/kontakt\/\">Kontakt<\/a>\n<\/p>\n<p><!--more--><br \/>\n<!-- {\"type\":\"layout\",\"children\":[{\"name\":\"Hero\",\"type\":\"section\",\"props\":{\"animation\":\"fade\",\"divider_height\":\"120\",\"divider_position\":\"top\",\"divider_width\":\"100\",\"header_overlay\":\"light\",\"header_transparent\":\"light\",\"height_viewport\":true,\"image\":\"wp-content\\\/uploads\\\/2024\\\/08\\\/myownsignal_hero_1_MOBIL.webp\",\"image_fixed\":false,\"image_loading\":true,\"image_position\":\"center-center\",\"image_size\":\"cover\",\"media\":\"images\\\/home-header.jpg\",\"media_advanced\":true,\"media_overlay\":\"hsla(0, 0%, 0%, 0.15)\",\"overlap\":true,\"padding\":\"large\",\"padding_custom_bottom\":\"40\",\"padding_custom_top\":\"40\",\"style\":\"secondary\",\"text_color\":\"light\",\"title_breakpoint\":\"xl\",\"title_position\":\"top-left\",\"title_rotation\":\"left\",\"vertical_align\":\"\",\"width\":\"default\"},\"children\":[{\"type\":\"row\",\"children\":[{\"type\":\"column\",\"props\":{\"image_position\":\"center-center\",\"position_sticky_breakpoint\":\"m\",\"width_medium\":\"1-1\"},\"children\":[{\"type\":\"headline\",\"props\":{\"animation\":\"fade\",\"content\":\"Galeria\",\"css\":\".el-element { \\n text-transform: none;\\n font-size: 48px;\\n font-weight:700;\\n animation-duration:2s;\\n}\",\"text_align\":\"center\",\"title_element\":\"h1\",\"title_style\":\"h1\"}},{\"type\":\"html\",\"props\":{\"content\":\"<a href=\\\"#\\\" id=\\\"back-to-top\\\" title=\\\"Back to Top\\\">&uarr;<\\\/a>\"}}]}]}]},{\"type\":\"section\",\"props\":{\"css\":\".el-section{background-color:#F0F5FF}\",\"divider_height\":\"120\",\"divider_position\":\"top\",\"divider_width\":\"100\",\"image_position\":\"center-center\",\"padding_custom_bottom\":\"40\",\"padding_custom_top\":\"40\",\"style\":\"default\",\"title_breakpoint\":\"xl\",\"title_position\":\"top-left\",\"title_rotation\":\"left\",\"vertical_align\":\"middle\",\"width\":\"default\"},\"children\":[{\"type\":\"row\",\"children\":[{\"type\":\"column\",\"props\":{\"image_position\":\"center-center\",\"position_sticky_breakpoint\":\"m\"},\"children\":[{\"type\":\"gallery\",\"props\":{\"content_display\":\"lightbox\",\"filter_align\":\"left\",\"filter_all\":true,\"filter_grid_breakpoint\":\"m\",\"filter_grid_width\":\"auto\",\"filter_position\":\"top\",\"filter_style\":\"tab\",\"grid_default\":\"1\",\"grid_divider\":false,\"grid_medium\":\"3\",\"image_border\":\"rounded\",\"image_box_shadow\":\"small\",\"image_transition\":\"scale-up\",\"image_transition_border\":false,\"item_animation\":true,\"lightbox\":true,\"lightbox_image_orientation\":false,\"link_style\":\"default\",\"link_text\":\"\",\"margin\":\"default\",\"meta_align\":\"below-title\",\"meta_element\":\"div\",\"meta_style\":\"\",\"overlay_hover\":true,\"overlay_link\":true,\"overlay_mode\":\"caption\",\"overlay_padding\":\"none\",\"overlay_position\":\"center\",\"overlay_style\":\"overlay-default\",\"overlay_transition\":\"fade\",\"overlay_transition_background\":false,\"show_content\":true,\"show_hover_image\":true,\"show_hover_video\":true,\"show_link\":true,\"show_meta\":true,\"show_title\":false,\"text_align\":\"center\",\"text_blend\":false,\"text_color\":\"light\",\"title_display\":\"lightbox\",\"title_element\":\"h3\",\"title_hover_style\":\"reset\"},\"children\":[{\"type\":\"gallery_item\",\"props\":{\"image\":\"wp-content\\\/uploads\\\/2024\\\/07\\\/2024_dwg_signal_TERMEKFOTO_02-scaled.jpg\",\"title\":\"2024_dwg_signal_TERME\\u0301KFOTO\\u0301_02\"}},{\"type\":\"gallery_item\",\"props\":{\"image\":\"wp-content\\\/uploads\\\/2024\\\/07\\\/2024_dwg_signal_TERMEKFOTO_05-1-scaled.jpg\",\"title\":\"2024_dwg_signal_TERME\\u0301KFOTO\\u0301_05 (1)\"}},{\"type\":\"gallery_item\",\"props\":{\"image\":\"wp-content\\\/uploads\\\/2024\\\/07\\\/2024_dwg_signal_TERMEKFOTO_07-1-scaled.jpg\",\"title\":\"2024_dwg_signal_TERME\\u0301KFOTO\\u0301_07 (1)\"}},{\"type\":\"gallery_item\",\"props\":{\"image\":\"wp-content\\\/uploads\\\/2024\\\/07\\\/2024_dwg_signal_TERMEKFOTO_15-scaled.jpg\",\"title\":\"2024_dwg_signal_TERME\\u0301KFOTO\\u0301_15\"}},{\"type\":\"gallery_item\",\"props\":{\"image\":\"wp-content\\\/uploads\\\/2024\\\/07\\\/2024_dwg_signal_TERMEKFOTO_19-scaled.jpg\",\"title\":\"2024_dwg_signal_TERME\\u0301KFOTO\\u0301_19\"}},{\"type\":\"gallery_item\",\"props\":{\"image\":\"wp-content\\\/uploads\\\/2024\\\/07\\\/2024_dwg_signal_TERMEKFOTO_20-scaled.jpg\",\"title\":\"2024_dwg_signal_TERME\\u0301KFOTO\\u0301_20\"}},{\"type\":\"gallery_item\",\"props\":{\"image\":\"wp-content\\\/uploads\\\/2024\\\/07\\\/2024_dwg_signal_TERMEKFOTO_29-scaled.jpg\",\"title\":\"2024_dwg_signal_TERME\\u0301KFOTO\\u0301_29\"}},{\"type\":\"gallery_item\",\"props\":{\"image\":\"wp-content\\\/uploads\\\/2024\\\/07\\\/2024_dwg_signal_TERMEKFOTO_33-scaled.jpg\",\"title\":\"2024_dwg_signal_TERME\\u0301KFOTO\\u0301_33\"}},{\"type\":\"gallery_item\",\"props\":{\"image\":\"wp-content\\\/uploads\\\/2024\\\/07\\\/2024_dwg_signal_TERMEKFOTO_30-scaled.jpg\",\"title\":\"2024_dwg_signal_TERME\\u0301KFOTO\\u0301_30\"}},{\"type\":\"gallery_item\",\"props\":{\"image\":\"wp-content\\\/uploads\\\/2024\\\/07\\\/2024_dwg_signal_TERMEKFOTO_46-scaled.jpg\",\"title\":\"2024_dwg_signal_TERME\\u0301KFOTO\\u0301_46\"}},{\"type\":\"gallery_item\",\"props\":{\"image\":\"wp-content\\\/uploads\\\/2024\\\/07\\\/2024_dwg_signal_TERMEKFOTO_32-scaled.jpg\",\"title\":\"2024_dwg_signal_TERME\\u0301KFOTO\\u0301_32\"}},{\"type\":\"gallery_item\",\"props\":{\"image\":\"wp-content\\\/uploads\\\/2024\\\/07\\\/2024_dwg_signal_TERMEKFOTO_50-scaled.jpg\",\"title\":\"2024_dwg_signal_TERME\\u0301KFOTO\\u0301_50\"}},{\"type\":\"gallery_item\",\"props\":{\"image\":\"wp-content\\\/uploads\\\/2024\\\/07\\\/2024_dwg_signal_TERMEKFOTO_58-scaled.jpg\",\"title\":\"2024_dwg_signal_TERME\\u0301KFOTO\\u0301_58\"}},{\"type\":\"gallery_item\",\"props\":{\"image\":\"wp-content\\\/uploads\\\/2024\\\/07\\\/2024_dwg_signal_TERMEKFOTO_64-scaled.jpg\",\"title\":\"2024_dwg_signal_TERME\\u0301KFOTO\\u0301_64\"}},{\"type\":\"gallery_item\",\"props\":{\"image\":\"wp-content\\\/uploads\\\/2024\\\/07\\\/2024_dwg_signal_TERMEKFOTO_adonyi_montazs_02-scaled.jpg\",\"title\":\"2024_dwg_signal_TERME\\u0301KFOTO\\u0301_adonyi_montazs_02\"}}]}]}]}],\"name\":\"contact\"},{\"type\":\"section\",\"props\":{\"css\":\".el-section { background: linear-gradient(70deg, #7DA5A4 0%, #BDDCD8 55%, #BAD7FF 100%) !important;\\nborder: none;\\ncolor: #fff;\\n}\",\"divider_height\":\"120\",\"divider_position\":\"top\",\"divider_width\":\"100\",\"image\":\"wp-content\\\/uploads\\\/2024\\\/06\\\/ost-contact.png\",\"image_position\":\"bottom-right\",\"image_size\":\"contain\",\"media_focal_point\":\"center-right\",\"padding\":\"xlarge\",\"padding_custom_bottom\":\"40\",\"padding_custom_top\":\"40\",\"style\":\"default\",\"title_breakpoint\":\"xl\",\"title_position\":\"top-left\",\"title_rotation\":\"left\",\"vertical_align\":\"middle\",\"width\":\"default\"},\"children\":[{\"type\":\"row\",\"props\":{\"layout\":\"1-2,1-2\"},\"children\":[{\"type\":\"column\",\"props\":{\"image_position\":\"center-center\",\"position_sticky_breakpoint\":\"m\",\"text_color\":\"light\",\"vertical_align\":\"middle\",\"width_medium\":\"1-2\"},\"children\":[{\"type\":\"headline\",\"props\":{\"block_align_breakpoint\":\"m\",\"block_align_fallback\":\"center\",\"content\":\"Co nas wyr\\u00f3\\u017cnia?\",\"margin\":\"remove-vertical\",\"text_align\":\"left\",\"text_align_breakpoint\":\"m\",\"text_align_fallback\":\"center\",\"title_element\":\"h2\",\"title_style\":\"h2\"}}]},{\"type\":\"column\",\"props\":{\"image_position\":\"center-center\",\"position_sticky_breakpoint\":\"m\",\"text_color\":\"light\",\"vertical_align\":\"middle\",\"width_medium\":\"1-2\"}}]},{\"type\":\"row\",\"props\":{\"layout\":\"1-2,1-2\"},\"children\":[{\"type\":\"column\",\"props\":{\"image_position\":\"center-center\",\"position_sticky_breakpoint\":\"m\",\"text_color\":\"light\",\"vertical_align\":\"middle\",\"width_medium\":\"1-2\"},\"children\":[{\"type\":\"text\",\"props\":{\"column_breakpoint\":\"m\",\"content\":\"Zbadajmy mo\\u017cliwo\\u015bci wsp\\u00f3\\u0142pracy, kt\\u00f3ra wykracza daleko poza biznes \\u2013 chodzi o podejmowanie wsp\\u00f3lnych dzia\\u0142a\\u0144 maj\\u0105cych pozytywny wp\\u0142yw na spo\\u0142ecze\\u0144stwa!\",\"css\":\".el-element {font-weight:900; font-size:20px;}\",\"margin\":\"remove-vertical\"}},{\"type\":\"button\",\"props\":{\"grid_column_gap\":\"small\",\"grid_row_gap\":\"small\",\"margin\":\"default\"},\"children\":[{\"type\":\"button_item\",\"props\":{\"button_style\":\"default\",\"content\":\"Kontakt\",\"icon_align\":\"left\",\"link\":\"https:\\\/\\\/myownsignal.com\\\/pl\\\/kontakt\\\/\"}}]}]},{\"type\":\"column\",\"props\":{\"image_position\":\"center-center\",\"position_sticky_breakpoint\":\"m\",\"text_color\":\"light\",\"vertical_align\":\"middle\",\"width_medium\":\"1-2\"}}]}]}],\"version\":\"4.4.4\",\"yooessentialsVersion\":\"2.2.6\"} --><\/p>\n","protected":false},"excerpt":{"rendered":"<p>Galeria &uarr; 2024_dwg_signal_TERME\u0301KFOTO\u0301_02 2024_dwg_signal_TERME\u0301KFOTO\u0301_05 (1) 2024_dwg_signal_TERME\u0301KFOTO\u0301_07 (1) 2024_dwg_signal_TERME\u0301KFOTO\u0301_15 2024_dwg_signal_TERME\u0301KFOTO\u0301_19 2024_dwg_signal_TERME\u0301KFOTO\u0301_20 2024_dwg_signal_TERME\u0301KFOTO\u0301_29 2024_dwg_signal_TERME\u0301KFOTO\u0301_33 2024_dwg_signal_TERME\u0301KFOTO\u0301_30 2024_dwg_signal_TERME\u0301KFOTO\u0301_46 2024_dwg_signal_TERME\u0301KFOTO\u0301_32 2024_dwg_signal_TERME\u0301KFOTO\u0301_50 2024_dwg_signal_TERME\u0301KFOTO\u0301_58 2024_dwg_signal_TERME\u0301KFOTO\u0301_64 2024_dwg_signal_TERME\u0301KFOTO\u0301_adonyi_montazs_02 Co nas wyr\u00f3\u017cnia? Zbadajmy mo\u017cliwo\u015bci wsp\u00f3\u0142pracy, kt\u00f3ra wykracza daleko poza biznes \u2013 chodzi o podejmowanie wsp\u00f3lnych dzia\u0142a\u0144 maj\u0105cych pozytywny wp\u0142yw na spo\u0142ecze\u0144stwa! Kontakt<\/p>\n","protected":false},"author":1,"featured_media":0,"parent":0,"menu_order":0,"comment_status":"closed","ping_status":"closed","template":"","meta":{"_monsterinsights_skip_tracking":false,"_monsterinsights_sitenote_active":false,"_monsterinsights_sitenote_note":"","_monsterinsights_sitenote_category":0,"footnotes":""},"class_list":["post-646","page","type-page","status-publish","hentry"],"yoast_head":"<!-- This site is optimized with the Yoast SEO Premium plugin v22.7 (Yoast SEO v27.4) - https:\/\/yoast.com\/product\/yoast-seo-premium-wordpress\/ -->\n<title>Galeria - My Own Signal<\/title>\n<meta name=\"robots\" content=\"index, follow, max-snippet:-1, max-image-preview:large, max-video-preview:-1\" \/>\n<link rel=\"canonical\" href=\"https:\/\/myownsignal.com\/pl\/galeria\/\" \/>\n<meta property=\"og:locale\" content=\"pl_PL\" \/>\n<meta property=\"og:type\" content=\"article\" \/>\n<meta property=\"og:title\" content=\"Galeria\" \/>\n<meta property=\"og:description\" content=\"Galeria &uarr; 2024_dwg_signal_TERME\u0301KFOTO\u0301_02 2024_dwg_signal_TERME\u0301KFOTO\u0301_05 (1) 2024_dwg_signal_TERME\u0301KFOTO\u0301_07 (1) 2024_dwg_signal_TERME\u0301KFOTO\u0301_15 2024_dwg_signal_TERME\u0301KFOTO\u0301_19 2024_dwg_signal_TERME\u0301KFOTO\u0301_20 2024_dwg_signal_TERME\u0301KFOTO\u0301_29 2024_dwg_signal_TERME\u0301KFOTO\u0301_33 2024_dwg_signal_TERME\u0301KFOTO\u0301_30 2024_dwg_signal_TERME\u0301KFOTO\u0301_46 2024_dwg_signal_TERME\u0301KFOTO\u0301_32 2024_dwg_signal_TERME\u0301KFOTO\u0301_50 2024_dwg_signal_TERME\u0301KFOTO\u0301_58 2024_dwg_signal_TERME\u0301KFOTO\u0301_64 2024_dwg_signal_TERME\u0301KFOTO\u0301_adonyi_montazs_02 Co nas wyr\u00f3\u017cnia? Zbadajmy mo\u017cliwo\u015bci wsp\u00f3\u0142pracy, kt\u00f3ra wykracza daleko poza biznes \u2013 chodzi o podejmowanie wsp\u00f3lnych dzia\u0142a\u0144 maj\u0105cych pozytywny wp\u0142yw na spo\u0142ecze\u0144stwa! Kontakt\" \/>\n<meta property=\"og:url\" content=\"https:\/\/myownsignal.com\/pl\/galeria\/\" \/>\n<meta property=\"og:site_name\" content=\"My Own Signal\" \/>\n<meta property=\"article:modified_time\" content=\"2024-09-13T17:46:48+00:00\" \/>\n<meta name=\"twitter:card\" content=\"summary_large_image\" \/>\n<script type=\"application\/ld+json\" class=\"yoast-schema-graph\">{\"@context\":\"https:\\\/\\\/schema.org\",\"@graph\":[{\"@type\":\"WebPage\",\"@id\":\"https:\\\/\\\/myownsignal.com\\\/pl\\\/galeria\\\/\",\"url\":\"https:\\\/\\\/myownsignal.com\\\/pl\\\/galeria\\\/\",\"name\":\"Galeria - My Own Signal\",\"isPartOf\":{\"@id\":\"https:\\\/\\\/myownsignal.com\\\/pl\\\/#website\"},\"datePublished\":\"2024-07-30T11:45:06+00:00\",\"dateModified\":\"2024-09-13T17:46:48+00:00\",\"breadcrumb\":{\"@id\":\"https:\\\/\\\/myownsignal.com\\\/pl\\\/galeria\\\/#breadcrumb\"},\"inLanguage\":\"pl-PL\",\"potentialAction\":[{\"@type\":\"ReadAction\",\"target\":[\"https:\\\/\\\/myownsignal.com\\\/pl\\\/galeria\\\/\"]}]},{\"@type\":\"BreadcrumbList\",\"@id\":\"https:\\\/\\\/myownsignal.com\\\/pl\\\/galeria\\\/#breadcrumb\",\"itemListElement\":[{\"@type\":\"ListItem\",\"position\":1,\"name\":\"Home\",\"item\":\"https:\\\/\\\/myownsignal.com\\\/pl\\\/\"},{\"@type\":\"ListItem\",\"position\":2,\"name\":\"Galeria\"}]},{\"@type\":\"WebSite\",\"@id\":\"https:\\\/\\\/myownsignal.com\\\/pl\\\/#website\",\"url\":\"https:\\\/\\\/myownsignal.com\\\/pl\\\/\",\"name\":\"My Own Signal\",\"description\":\"Biophysical Health Innovation for Impacting Society\",\"publisher\":{\"@id\":\"https:\\\/\\\/myownsignal.com\\\/pl\\\/#organization\"},\"potentialAction\":[{\"@type\":\"SearchAction\",\"target\":{\"@type\":\"EntryPoint\",\"urlTemplate\":\"https:\\\/\\\/myownsignal.com\\\/pl\\\/?s={search_term_string}\"},\"query-input\":{\"@type\":\"PropertyValueSpecification\",\"valueRequired\":true,\"valueName\":\"search_term_string\"}}],\"inLanguage\":\"pl-PL\"},{\"@type\":\"Organization\",\"@id\":\"https:\\\/\\\/myownsignal.com\\\/pl\\\/#organization\",\"name\":\"My Own Signal\",\"url\":\"https:\\\/\\\/myownsignal.com\\\/pl\\\/\",\"logo\":{\"@type\":\"ImageObject\",\"inLanguage\":\"pl-PL\",\"@id\":\"https:\\\/\\\/myownsignal.com\\\/pl\\\/#\\\/schema\\\/logo\\\/image\\\/\",\"url\":\"https:\\\/\\\/myownsignal.com\\\/wp-content\\\/uploads\\\/2024\\\/06\\\/Logo.png\",\"contentUrl\":\"https:\\\/\\\/myownsignal.com\\\/wp-content\\\/uploads\\\/2024\\\/06\\\/Logo.png\",\"width\":248,\"height\":75,\"caption\":\"My Own Signal\"},\"image\":{\"@id\":\"https:\\\/\\\/myownsignal.com\\\/pl\\\/#\\\/schema\\\/logo\\\/image\\\/\"},\"sameAs\":[\"https:\\\/\\\/www.linkedin.com\\\/company\\\/ownsignaltechnology\\\/\"]}]}<\/script>\n<!-- \/ Yoast SEO Premium plugin. -->","yoast_head_json":{"title":"Galeria - My Own Signal","robots":{"index":"index","follow":"follow","max-snippet":"max-snippet:-1","max-image-preview":"max-image-preview:large","max-video-preview":"max-video-preview:-1"},"canonical":"https:\/\/myownsignal.com\/pl\/galeria\/","og_locale":"pl_PL","og_type":"article","og_title":"Galeria","og_description":"Galeria &uarr; 2024_dwg_signal_TERME\u0301KFOTO\u0301_02 2024_dwg_signal_TERME\u0301KFOTO\u0301_05 (1) 2024_dwg_signal_TERME\u0301KFOTO\u0301_07 (1) 2024_dwg_signal_TERME\u0301KFOTO\u0301_15 2024_dwg_signal_TERME\u0301KFOTO\u0301_19 2024_dwg_signal_TERME\u0301KFOTO\u0301_20 2024_dwg_signal_TERME\u0301KFOTO\u0301_29 2024_dwg_signal_TERME\u0301KFOTO\u0301_33 2024_dwg_signal_TERME\u0301KFOTO\u0301_30 2024_dwg_signal_TERME\u0301KFOTO\u0301_46 2024_dwg_signal_TERME\u0301KFOTO\u0301_32 2024_dwg_signal_TERME\u0301KFOTO\u0301_50 2024_dwg_signal_TERME\u0301KFOTO\u0301_58 2024_dwg_signal_TERME\u0301KFOTO\u0301_64 2024_dwg_signal_TERME\u0301KFOTO\u0301_adonyi_montazs_02 Co nas wyr\u00f3\u017cnia? Zbadajmy mo\u017cliwo\u015bci wsp\u00f3\u0142pracy, kt\u00f3ra wykracza daleko poza biznes \u2013 chodzi o podejmowanie wsp\u00f3lnych dzia\u0142a\u0144 maj\u0105cych pozytywny wp\u0142yw na spo\u0142ecze\u0144stwa! Kontakt","og_url":"https:\/\/myownsignal.com\/pl\/galeria\/","og_site_name":"My Own Signal","article_modified_time":"2024-09-13T17:46:48+00:00","twitter_card":"summary_large_image","schema":{"@context":"https:\/\/schema.org","@graph":[{"@type":"WebPage","@id":"https:\/\/myownsignal.com\/pl\/galeria\/","url":"https:\/\/myownsignal.com\/pl\/galeria\/","name":"Galeria - My Own Signal","isPartOf":{"@id":"https:\/\/myownsignal.com\/pl\/#website"},"datePublished":"2024-07-30T11:45:06+00:00","dateModified":"2024-09-13T17:46:48+00:00","breadcrumb":{"@id":"https:\/\/myownsignal.com\/pl\/galeria\/#breadcrumb"},"inLanguage":"pl-PL","potentialAction":[{"@type":"ReadAction","target":["https:\/\/myownsignal.com\/pl\/galeria\/"]}]},{"@type":"BreadcrumbList","@id":"https:\/\/myownsignal.com\/pl\/galeria\/#breadcrumb","itemListElement":[{"@type":"ListItem","position":1,"name":"Home","item":"https:\/\/myownsignal.com\/pl\/"},{"@type":"ListItem","position":2,"name":"Galeria"}]},{"@type":"WebSite","@id":"https:\/\/myownsignal.com\/pl\/#website","url":"https:\/\/myownsignal.com\/pl\/","name":"My Own Signal","description":"Biophysical Health Innovation for Impacting Society","publisher":{"@id":"https:\/\/myownsignal.com\/pl\/#organization"},"potentialAction":[{"@type":"SearchAction","target":{"@type":"EntryPoint","urlTemplate":"https:\/\/myownsignal.com\/pl\/?s={search_term_string}"},"query-input":{"@type":"PropertyValueSpecification","valueRequired":true,"valueName":"search_term_string"}}],"inLanguage":"pl-PL"},{"@type":"Organization","@id":"https:\/\/myownsignal.com\/pl\/#organization","name":"My Own Signal","url":"https:\/\/myownsignal.com\/pl\/","logo":{"@type":"ImageObject","inLanguage":"pl-PL","@id":"https:\/\/myownsignal.com\/pl\/#\/schema\/logo\/image\/","url":"https:\/\/myownsignal.com\/wp-content\/uploads\/2024\/06\/Logo.png","contentUrl":"https:\/\/myownsignal.com\/wp-content\/uploads\/2024\/06\/Logo.png","width":248,"height":75,"caption":"My Own Signal"},"image":{"@id":"https:\/\/myownsignal.com\/pl\/#\/schema\/logo\/image\/"},"sameAs":["https:\/\/www.linkedin.com\/company\/ownsignaltechnology\/"]}]}},"_links":{"self":[{"href":"https:\/\/myownsignal.com\/pl\/wp-json\/wp\/v2\/pages\/646","targetHints":{"allow":["GET"]}}],"collection":[{"href":"https:\/\/myownsignal.com\/pl\/wp-json\/wp\/v2\/pages"}],"about":[{"href":"https:\/\/myownsignal.com\/pl\/wp-json\/wp\/v2\/types\/page"}],"author":[{"embeddable":true,"href":"https:\/\/myownsignal.com\/pl\/wp-json\/wp\/v2\/users\/1"}],"replies":[{"embeddable":true,"href":"https:\/\/myownsignal.com\/pl\/wp-json\/wp\/v2\/comments?post=646"}],"version-history":[{"count":3,"href":"https:\/\/myownsignal.com\/pl\/wp-json\/wp\/v2\/pages\/646\/revisions"}],"predecessor-version":[{"id":694,"href":"https:\/\/myownsignal.com\/pl\/wp-json\/wp\/v2\/pages\/646\/revisions\/694"}],"wp:attachment":[{"href":"https:\/\/myownsignal.com\/pl\/wp-json\/wp\/v2\/media?parent=646"}],"curies":[{"name":"wp","href":"https:\/\/api.w.org\/{rel}","templated":true}]}}