{"id":641,"date":"2024-05-17T22:12:16","date_gmt":"2024-05-17T22:12:16","guid":{"rendered":"https:\/\/myownsignal.com\/o-nas\/"},"modified":"2024-12-15T07:22:25","modified_gmt":"2024-12-15T07:22:25","slug":"o-nas","status":"publish","type":"page","link":"https:\/\/myownsignal.com\/pl\/o-nas\/","title":{"rendered":"O nas"},"content":{"rendered":"<h1>O nas<\/h1>\n<h2>Nasza zorientowana na przysz\u0142o\u015b\u0107 technologia opiera si\u0119 na odkryciach dokonanych w dziedzinie biofizyki w ubieg\u0142ym wieku.<\/h2>\n<p><img decoding=\"async\" src=\"\/wp-content\/uploads\/2024\/07\/istockphoto-1500429235-1024x1024-2-1.jpg\" alt=\"\"><br \/>\n<img decoding=\"async\" src=\"\/wp-content\/uploads\/2024\/06\/istockphoto-1124543330-1024x1024-1.png\" alt=\"\"><\/p>\n<div>\n<\/div>\n<div>\n<\/div>\n<h2>Jeste\u015bmy zespo\u0142em profesjonalist\u00f3w z r\u00f3\u017cnych dziedzin z siedzib\u0105 w Europie \u015arodkowej. <br \/>Nasze zaanga\u017cowanie w innowacje i szacunek dla tradycji s\u0105 motorem rozwoju naszej niekonwencjonalnej, autorskiej technologii.<\/h2>\n<div>\n<p>Jako <strong><span uk-tooltip=\"title: TEAL - structures of distributed authority where people have autonomy in their domain and are held accountable for coordinating with others\"><\/span><\/strong> <strong><span uk-tooltip=\"title: Social Enterprise an operator in the social economy whose main objective is to have a social impact rather than make a profit for their owners or shareholderss\">przedsi\u0119biorstwo spo\u0142eczne z turkusowym modelem zarz\u0105dzania<\/span><\/strong>, przedsi\u0119biorstwo spo\u0142eczne z turkusowym modelem zarz\u0105dzania zawsze d\u0105\u017cymy do wywierania znacz\u0105cego wp\u0142ywu..<\/p>\n<\/div>\n<div>\n<\/div>\n<h2>Brzmi dobrze, ale dlaczego?<\/h2>\n<div>\n<p class=\"p1\"><span class=\"s1\">M\u00f3wi\u0105c najpro\u015bciej, stawiamy <b>LUDZI<\/b> na pierwszym miejscu \u2013 to nasza podstawowa zasada!<br \/><\/span><span class=\"s1\">Zaanga\u017cowanie w innowacje, odpowiedzialno\u015b\u0107 spo\u0142eczn\u0105 i wprowadzanie pozytywnych zmian to istota wszystkich dzia\u0142a\u0144, kt\u00f3re podejmujemy, kieruj\u0105c si\u0119 jedn\u0105 z naszych podstawowych warto\u015bci: <b>Prostot\u0105<\/b><\/span><\/p>\n<p class=\"p1\"><span class=\"s1\"><\/span><\/p>\n<\/div>\n<div>\n<p>Podsumowanie: nasze systemy OST s\u0142u\u017c\u0105 przede wszystkim spo\u0142eczno\u015bciom! Prywatne organizacje opieki zdrowotnej, fundacje i o\u015brodki rehabilitacyjne\/terapeutyczne, kt\u00f3re k\u0142ad\u0105 nacisk na podej\u015bcie integracyjne.<\/p>\n<\/div>\n<p>\n    <a href=\"https:\/\/myownsignal.com\/pl\/jak-to-dziala\/\">Jak to dzia\u0142a?<\/a>\n<\/p>\n<p><img decoding=\"async\" src=\"\/wp-content\/uploads\/2024\/06\/Screenshot-2024-03-22-at-9.06.png\" alt=\"\"><\/p>\n<h2>Rozwijajmy si\u0119 razem!<\/h2>\n<div>\n<p>Masz pytania dotycz\u0105ce kolejnego etapu w rozwoju<br \/>MyOwnSignal ch\u0119tnie na nie odpowiemy.<\/p>\n<\/div>\n<p>\n    <a href=\"https:\/\/myownsignal.com\/pl\/kontakt\/\">Skontaktuj si\u0119 z nami<\/a>\n<\/p>\n<div>\n<p>\n<\/div>\n<p><!--more--><br \/>\n<!-- {\"type\":\"layout\",\"children\":[{\"name\":\"Hero\",\"type\":\"section\",\"props\":{\"animation\":\"fade\",\"divider_height\":\"120\",\"divider_position\":\"top\",\"divider_width\":\"100\",\"header_overlay\":\"light\",\"header_transparent\":\"light\",\"height_viewport\":true,\"image\":\"wp-content\\\/uploads\\\/2024\\\/08\\\/myownsignal_hero_1_DESKTOP.webp\",\"image_fixed\":false,\"image_loading\":true,\"image_position\":\"center-center\",\"image_size\":\"cover\",\"media\":\"images\\\/home-header.jpg\",\"media_advanced\":true,\"media_overlay\":\"rgba(0, 0, 0, 0.15)\",\"overlap\":true,\"padding\":\"large\",\"padding_custom_bottom\":\"40\",\"padding_custom_top\":\"40\",\"style\":\"secondary\",\"text_color\":\"light\",\"title_breakpoint\":\"xl\",\"title_position\":\"top-left\",\"title_rotation\":\"left\",\"vertical_align\":\"\",\"width\":\"default\"},\"children\":[{\"type\":\"row\",\"children\":[{\"type\":\"column\",\"props\":{\"image_position\":\"center-center\",\"position_sticky_breakpoint\":\"m\",\"width_medium\":\"1-1\"},\"children\":[{\"type\":\"headline\",\"props\":{\"animation\":\"fade\",\"content\":\"O nas\",\"css\":\".el-element { \\n text-transform: none;\\n font-size: 48px;\\n font-weight:700;\\n animation-duration:2s;\\n}\",\"text_align\":\"center\",\"title_element\":\"h1\",\"title_style\":\"h1\"}}]}]}]},{\"type\":\"section\",\"props\":{\"divider_height\":\"120\",\"divider_position\":\"top\",\"divider_width\":\"100\",\"height\":\"viewport\",\"height_offset_top\":true,\"image_position\":\"center-center\",\"media_blend_mode\":\"screen\",\"padding_custom_bottom\":\"40\",\"padding_custom_top\":\"40\",\"status\":\"disabled\",\"style\":\"secondary\",\"text_color\":\"light\",\"title_breakpoint\":\"xl\",\"title_position\":\"top-left\",\"title_rotation\":\"left\",\"vertical_align\":\"middle\",\"video\":\"wp-content\\\/uploads\\\/2024\\\/06\\\/istockphoto-1165470293-640_adpp_is.mp4\",\"width\":\"default\"},\"children\":[{\"type\":\"row\",\"props\":{\"margin\":\"xlarge\"},\"children\":[{\"type\":\"column\",\"props\":{\"image_position\":\"center-center\",\"position_sticky_breakpoint\":\"m\"},\"children\":[{\"type\":\"headline\",\"props\":{\"content\":\"Coming Soon\",\"margin_remove_top\":true,\"text_align\":\"center\",\"title_element\":\"h1\",\"title_style\":\"heading-large\"}}]}]}],\"name\":\"Coming Soon\"},{\"type\":\"section\",\"props\":{\"divider_height\":\"120\",\"divider_position\":\"top\",\"divider_width\":\"100\",\"height_viewport\":100,\"image_position\":\"top-right\",\"image_size\":\"contain\",\"image_width\":600,\"media_visibility\":\"m\",\"overlap\":false,\"padding_custom_bottom\":\"40\",\"padding_custom_top\":\"40\",\"padding_remove_bottom\":true,\"padding_remove_top\":false,\"style\":\"default\",\"title_breakpoint\":\"xl\",\"title_position\":\"top-left\",\"title_rotation\":\"left\",\"vertical_align\":\"middle\",\"width\":\"\",\"width_expand\":\"right\"},\"children\":[{\"type\":\"row\",\"props\":{\"column_gap\":\"large\",\"layout\":\"1-6,1-3,1-2\",\"row_gap\":\"large\",\"width_expand\":\"right\"},\"children\":[{\"type\":\"column\",\"props\":{\"image_position\":\"center-center\",\"position_sticky_breakpoint\":\"m\",\"vertical_align\":\"middle\",\"width_medium\":\"1-6\"}},{\"type\":\"column\",\"props\":{\"image_position\":\"center-center\",\"position_sticky_breakpoint\":\"m\",\"vertical_align\":\"middle\",\"width_medium\":\"1-3\"},\"children\":[{\"type\":\"headline\",\"props\":{\"block_align_breakpoint\":\"m\",\"block_align_fallback\":\"center\",\"content\":\"Nasza zorientowana na przysz\\u0142o\\u015b\\u0107 technologia opiera si\\u0119 na odkryciach dokonanych w dziedzinie biofizyki w ubieg\\u0142ym wieku.\",\"margin\":\"remove-vertical\",\"text_align\":\"left\",\"text_align_breakpoint\":\"m\",\"text_align_fallback\":\"center\",\"title_element\":\"h2\",\"title_style\":\"h2\"}}]},{\"type\":\"column\",\"props\":{\"image_position\":\"top-right\",\"image_size\":\"contain\",\"position_sticky_breakpoint\":\"m\",\"width_medium\":\"1-2\"},\"children\":[{\"type\":\"image\",\"props\":{\"image\":\"wp-content\\\/uploads\\\/2024\\\/07\\\/istockphoto-1500429235-1024x1024-2-1.jpg\",\"image_svg_color\":\"emphasis\",\"margin\":\"default\"}}]}]}],\"name\":\"About Us\"},{\"type\":\"section\",\"props\":{\"css\":\".el-section {background-image: linear-gradient(0deg, #F0F5FF 85%, #fff 60%)!important}\",\"divider_height\":\"120\",\"divider_position\":\"top\",\"divider_width\":\"100\",\"height\":\"viewport\",\"height_viewport\":100,\"image_position\":\"top-right\",\"image_size\":\"contain\",\"image_width\":600,\"media_visibility\":\"m\",\"overlap\":false,\"padding_custom_bottom\":\"40\",\"padding_custom_top\":\"40\",\"padding_remove_top\":false,\"style\":\"default\",\"title_breakpoint\":\"xl\",\"title_position\":\"top-left\",\"title_rotation\":\"left\",\"vertical_align\":\"middle\",\"width\":\"\",\"width_expand\":\"right\"},\"children\":[{\"type\":\"row\",\"props\":{\"column_gap\":\"large\",\"layout\":\"1-2,1-3,1-6\",\"row_gap\":\"large\",\"width_expand\":\"right\"},\"children\":[{\"type\":\"column\",\"props\":{\"image_position\":\"center-center\",\"position_sticky_breakpoint\":\"m\",\"vertical_align\":\"middle\",\"width_medium\":\"1-2\"},\"children\":[{\"type\":\"image\",\"props\":{\"image\":\"wp-content\\\/uploads\\\/2024\\\/06\\\/istockphoto-1124543330-1024x1024-1.png\",\"image_svg_color\":\"emphasis\",\"margin\":\"default\"}}]},{\"type\":\"column\",\"props\":{\"image_position\":\"center-center\",\"position_sticky_breakpoint\":\"m\",\"vertical_align\":\"middle\",\"width_medium\":\"1-3\"},\"children\":[{\"type\":\"html\",\"props\":{\"content\":\"\n\n\"}},{\"type\":\"html\",\"props\":{\"content\":\"\n\n\"}},{\"type\":\"headline\",\"props\":{\"block_align_breakpoint\":\"m\",\"block_align_fallback\":\"center\",\"content\":\"Jeste\\u015bmy zespo\\u0142em profesjonalist\\u00f3w z r\\u00f3\\u017cnych dziedzin z siedzib\\u0105 w Europie \\u015arodkowej. <br \\\/>Nasze zaanga\\u017cowanie w innowacje i szacunek dla tradycji s\\u0105 motorem rozwoju naszej niekonwencjonalnej, autorskiej technologii.\",\"margin\":\"remove-vertical\",\"text_align\":\"left\",\"text_align_breakpoint\":\"m\",\"text_align_fallback\":\"center\",\"title_element\":\"h2\",\"title_style\":\"h2\"}},{\"type\":\"text\",\"props\":{\"column_breakpoint\":\"m\",\"content\":\"\n\n<p>Jako <strong><span uk-tooltip=\\\"title: TEAL - structures of distributed authority where people have autonomy in their domain and are held accountable for coordinating with others\\\"><\\\/span><\\\/strong> <strong><span uk-tooltip=\\\"title: Social Enterprise an operator in the social economy whose main objective is to have a social impact rather than make a profit for their owners or shareholderss\\\">przedsi\\u0119biorstwo spo\\u0142eczne z turkusowym modelem zarz\\u0105dzania<\\\/span><\\\/strong>, przedsi\\u0119biorstwo spo\\u0142eczne z turkusowym modelem zarz\\u0105dzania zawsze d\\u0105\\u017cymy do wywierania znacz\\u0105cego wp\\u0142ywu..<\\\/p>\",\"css\":\".el-element{padding-left:15px; padding-right:15px}\",\"margin\":\"medium\"}}]},{\"type\":\"column\",\"props\":{\"image_position\":\"top-right\",\"image_size\":\"contain\",\"position_sticky_breakpoint\":\"m\",\"vertical_align\":\"middle\",\"width_medium\":\"1-6\"}}]}]},{\"type\":\"section\",\"props\":{\"css\":\".el-section {background-image: linear-gradient(0deg, #F0F5FF 85%, #fff 60%)!important}\",\"divider_height\":\"120\",\"divider_position\":\"top\",\"divider_width\":\"100\",\"height\":\"viewport\",\"height_viewport\":100,\"image_position\":\"top-right\",\"image_size\":\"contain\",\"image_width\":600,\"media_visibility\":\"m\",\"overlap\":false,\"padding\":\"small\",\"padding_custom_bottom\":\"40\",\"padding_custom_top\":\"40\",\"padding_remove_bottom\":true,\"padding_remove_top\":true,\"style\":\"default\",\"title_breakpoint\":\"xl\",\"title_position\":\"top-left\",\"title_rotation\":\"left\",\"vertical_align\":\"middle\",\"width\":\"\",\"width_expand\":\"right\"},\"children\":[{\"type\":\"row\",\"props\":{\"column_gap\":\"large\",\"layout\":\"1-6,1-3,1-2\",\"row_gap\":\"large\",\"width_expand\":\"right\"},\"children\":[{\"type\":\"column\",\"props\":{\"image_position\":\"center-center\",\"position_sticky_breakpoint\":\"m\",\"vertical_align\":\"middle\",\"width_medium\":\"1-6\"}},{\"type\":\"column\",\"props\":{\"image_position\":\"center-center\",\"position_sticky_breakpoint\":\"m\",\"vertical_align\":\"middle\",\"width_medium\":\"1-3\"},\"children\":[{\"type\":\"html\",\"props\":{\"content\":\"\n\n\"}},{\"type\":\"headline\",\"props\":{\"block_align_breakpoint\":\"m\",\"block_align_fallback\":\"center\",\"content\":\"Brzmi dobrze, ale dlaczego?\",\"margin\":\"remove-vertical\",\"text_align\":\"left\",\"text_align_breakpoint\":\"m\",\"text_align_fallback\":\"center\",\"title_element\":\"h2\",\"title_style\":\"h2\"}},{\"type\":\"text\",\"props\":{\"column_breakpoint\":\"m\",\"content\":\"\n\n<p class=\\\"p1\\\"><span class=\\\"s1\\\">M\\u00f3wi\\u0105c najpro\\u015bciej, stawiamy <b>LUDZI<\\\/b> na pierwszym miejscu \\u2013 to nasza podstawowa zasada!<br \\\/><\\\/span><span class=\\\"s1\\\">Zaanga\\u017cowanie w innowacje, odpowiedzialno\\u015b\\u0107 spo\\u0142eczn\\u0105 i wprowadzanie pozytywnych zmian to istota wszystkich dzia\\u0142a\\u0144, kt\\u00f3re podejmujemy, kieruj\\u0105c si\\u0119 jedn\\u0105 z naszych podstawowych warto\\u015bci: <b>Prostot\\u0105<\\\/b><\\\/span><\\\/p>\\n\n\n<p class=\\\"p1\\\"><span class=\\\"s1\\\"><\\\/span><\\\/p>\",\"css\":\".el-element{padding-left:15px; padding-right:15px}\",\"margin\":\"medium\"}},{\"type\":\"text\",\"props\":{\"column_breakpoint\":\"m\",\"content\":\"\n\n<p>Podsumowanie: nasze systemy OST s\\u0142u\\u017c\\u0105 przede wszystkim spo\\u0142eczno\\u015bciom! Prywatne organizacje opieki zdrowotnej, fundacje i o\\u015brodki rehabilitacyjne\\\/terapeutyczne, kt\\u00f3re k\\u0142ad\\u0105 nacisk na podej\\u015bcie integracyjne.<\\\/p>\",\"css\":\".el-element{font-size:13px; padding-left:15px; padding-right:15px}\",\"margin\":\"medium\"}},{\"type\":\"button\",\"props\":{\"block_align_breakpoint\":\"m\",\"block_align_fallback\":\"center\",\"grid_column_gap\":\"small\",\"grid_row_gap\":\"small\",\"margin\":\"large\",\"margin_remove_top\":true,\"text_align\":\"left\",\"text_align_breakpoint\":\"m\",\"text_align_fallback\":\"center\"},\"children\":[{\"type\":\"button_item\",\"props\":{\"button_style\":\"primary\",\"content\":\"Jak to dzia\\u0142a?\",\"icon_align\":\"left\",\"link\":\"https:\\\/\\\/myownsignal.com\\\/pl\\\/jak-to-dziala\\\/\"}}]}]},{\"type\":\"column\",\"props\":{\"image_position\":\"top-right\",\"image_size\":\"contain\",\"position_sticky_breakpoint\":\"m\",\"width_medium\":\"1-2\"},\"children\":[{\"type\":\"image\",\"props\":{\"image\":\"wp-content\\\/uploads\\\/2024\\\/06\\\/Screenshot-2024-03-22-at-9.06.png\",\"image_svg_color\":\"emphasis\",\"margin\":\"default\"}}]}]}],\"name\":\"Sounds good\"},{\"type\":\"section\",\"props\":{\"css\":\".el-section { background: linear-gradient(70deg, #7DA5A4 0%, #BDDCD8 40%, #BAD7FF 100%) !important;\\nborder: none;\\ncolor: #fff;\\n}\",\"divider_height\":\"120\",\"divider_position\":\"top\",\"divider_width\":\"100\",\"image\":\"wp-content\\\/uploads\\\/2024\\\/06\\\/Mask-group-4.png\",\"image_position\":\"center-right\",\"image_size\":\"height-1-1\",\"padding\":\"large\",\"padding_custom_bottom\":\"40\",\"padding_custom_top\":\"40\",\"style\":\"default\",\"title_breakpoint\":\"xl\",\"title_position\":\"top-left\",\"title_rotation\":\"left\",\"vertical_align\":\"middle\",\"width\":\"default\"},\"children\":[{\"type\":\"row\",\"props\":{\"layout\":\"1-2,1-2\"},\"children\":[{\"type\":\"column\",\"props\":{\"image_position\":\"center-center\",\"position_sticky_breakpoint\":\"m\",\"text_color\":\"light\",\"vertical_align\":\"middle\",\"width_medium\":\"1-2\"},\"children\":[{\"type\":\"headline\",\"props\":{\"block_align_breakpoint\":\"m\",\"block_align_fallback\":\"center\",\"content\":\"Rozwijajmy si\\u0119 razem!\",\"margin\":\"remove-vertical\",\"text_align\":\"left\",\"text_align_breakpoint\":\"m\",\"text_align_fallback\":\"center\",\"title_element\":\"h2\",\"title_style\":\"h2\"}},{\"type\":\"text\",\"props\":{\"column_breakpoint\":\"m\",\"content\":\"\n\n<p>Masz pytania dotycz\\u0105ce kolejnego etapu w rozwoju<br \\\/>MyOwnSignal ch\\u0119tnie na nie odpowiemy.<\\\/p>\",\"css\":\".el-element {font-weight:700}\",\"margin\":\"medium\"}},{\"type\":\"button\",\"props\":{\"block_align_breakpoint\":\"m\",\"block_align_fallback\":\"center\",\"grid_column_gap\":\"small\",\"grid_row_gap\":\"small\",\"margin\":\"default\",\"maxwidth\":\"xlarge\",\"text_align\":\"left\",\"text_align_breakpoint\":\"m\",\"text_align_fallback\":\"center\"},\"children\":[{\"type\":\"button_item\",\"props\":{\"button_style\":\"primary\",\"content\":\"Skontaktuj si\\u0119 z nami\",\"icon_align\":\"left\",\"link\":\"https:\\\/\\\/myownsignal.com\\\/pl\\\/kontakt\\\/\"}}]},{\"type\":\"html\",\"props\":{\"content\":\"<br \/>\"}}]},{\"type\":\"column\",\"props\":{\"image_position\":\"center-center\",\"position_sticky_breakpoint\":\"m\",\"text_color\":\"light\",\"vertical_align\":\"middle\",\"width_medium\":\"1-2\"}}]}]}],\"version\":\"4.4.4\",\"yooessentialsVersion\":\"2.2.6\"} --><\/p>\n","protected":false},"excerpt":{"rendered":"<p>O nas Nasza zorientowana na przysz\u0142o\u015b\u0107 technologia opiera si\u0119 na odkryciach dokonanych w dziedzinie biofizyki w ubieg\u0142ym wieku. Jeste\u015bmy zespo\u0142em profesjonalist\u00f3w z r\u00f3\u017cnych dziedzin z siedzib\u0105 w Europie \u015arodkowej. Nasze zaanga\u017cowanie w innowacje i szacunek dla tradycji s\u0105 motorem rozwoju naszej niekonwencjonalnej, autorskiej technologii. Jako przedsi\u0119biorstwo spo\u0142eczne z turkusowym modelem zarz\u0105dzania, przedsi\u0119biorstwo spo\u0142eczne z turkusowym [&hellip;]<\/p>\n","protected":false},"author":1,"featured_media":0,"parent":0,"menu_order":0,"comment_status":"closed","ping_status":"closed","template":"","meta":{"_monsterinsights_skip_tracking":false,"_monsterinsights_sitenote_active":false,"_monsterinsights_sitenote_note":"","_monsterinsights_sitenote_category":0,"footnotes":""},"class_list":["post-641","page","type-page","status-publish","hentry"],"yoast_head":"<!-- This site is optimized with the Yoast SEO Premium plugin v22.7 (Yoast SEO v27.4) - https:\/\/yoast.com\/product\/yoast-seo-premium-wordpress\/ -->\n<title>O nas - My Own Signal<\/title>\n<meta name=\"robots\" content=\"index, follow, max-snippet:-1, max-image-preview:large, max-video-preview:-1\" \/>\n<link rel=\"canonical\" href=\"https:\/\/myownsignal.com\/pl\/o-nas\/\" \/>\n<meta property=\"og:locale\" content=\"pl_PL\" \/>\n<meta property=\"og:type\" content=\"article\" \/>\n<meta property=\"og:title\" content=\"O nas\" \/>\n<meta property=\"og:description\" content=\"O nas Nasza zorientowana na przysz\u0142o\u015b\u0107 technologia opiera si\u0119 na odkryciach dokonanych w dziedzinie biofizyki w ubieg\u0142ym wieku. Jeste\u015bmy zespo\u0142em profesjonalist\u00f3w z r\u00f3\u017cnych dziedzin z siedzib\u0105 w Europie \u015arodkowej. Nasze zaanga\u017cowanie w innowacje i szacunek dla tradycji s\u0105 motorem rozwoju naszej niekonwencjonalnej, autorskiej technologii. Jako przedsi\u0119biorstwo spo\u0142eczne z turkusowym modelem zarz\u0105dzania, przedsi\u0119biorstwo spo\u0142eczne z turkusowym [&hellip;]\" \/>\n<meta property=\"og:url\" content=\"https:\/\/myownsignal.com\/pl\/o-nas\/\" \/>\n<meta property=\"og:site_name\" content=\"My Own Signal\" \/>\n<meta property=\"article:modified_time\" content=\"2024-12-15T07:22:25+00:00\" \/>\n<meta name=\"twitter:card\" content=\"summary_large_image\" \/>\n<meta name=\"twitter:label1\" content=\"Szacowany czas czytania\" \/>\n\t<meta name=\"twitter:data1\" content=\"1 minuta\" \/>\n<script type=\"application\/ld+json\" class=\"yoast-schema-graph\">{\"@context\":\"https:\\\/\\\/schema.org\",\"@graph\":[{\"@type\":\"WebPage\",\"@id\":\"https:\\\/\\\/myownsignal.com\\\/pl\\\/o-nas\\\/\",\"url\":\"https:\\\/\\\/myownsignal.com\\\/pl\\\/o-nas\\\/\",\"name\":\"O nas - My Own Signal\",\"isPartOf\":{\"@id\":\"https:\\\/\\\/myownsignal.com\\\/pl\\\/#website\"},\"datePublished\":\"2024-05-17T22:12:16+00:00\",\"dateModified\":\"2024-12-15T07:22:25+00:00\",\"breadcrumb\":{\"@id\":\"https:\\\/\\\/myownsignal.com\\\/pl\\\/o-nas\\\/#breadcrumb\"},\"inLanguage\":\"pl-PL\",\"potentialAction\":[{\"@type\":\"ReadAction\",\"target\":[\"https:\\\/\\\/myownsignal.com\\\/pl\\\/o-nas\\\/\"]}]},{\"@type\":\"BreadcrumbList\",\"@id\":\"https:\\\/\\\/myownsignal.com\\\/pl\\\/o-nas\\\/#breadcrumb\",\"itemListElement\":[{\"@type\":\"ListItem\",\"position\":1,\"name\":\"Home\",\"item\":\"https:\\\/\\\/myownsignal.com\\\/pl\\\/\"},{\"@type\":\"ListItem\",\"position\":2,\"name\":\"O nas\"}]},{\"@type\":\"WebSite\",\"@id\":\"https:\\\/\\\/myownsignal.com\\\/pl\\\/#website\",\"url\":\"https:\\\/\\\/myownsignal.com\\\/pl\\\/\",\"name\":\"My Own Signal\",\"description\":\"Biophysical Health Innovation for Impacting Society\",\"publisher\":{\"@id\":\"https:\\\/\\\/myownsignal.com\\\/pl\\\/#organization\"},\"potentialAction\":[{\"@type\":\"SearchAction\",\"target\":{\"@type\":\"EntryPoint\",\"urlTemplate\":\"https:\\\/\\\/myownsignal.com\\\/pl\\\/?s={search_term_string}\"},\"query-input\":{\"@type\":\"PropertyValueSpecification\",\"valueRequired\":true,\"valueName\":\"search_term_string\"}}],\"inLanguage\":\"pl-PL\"},{\"@type\":\"Organization\",\"@id\":\"https:\\\/\\\/myownsignal.com\\\/pl\\\/#organization\",\"name\":\"My Own Signal\",\"url\":\"https:\\\/\\\/myownsignal.com\\\/pl\\\/\",\"logo\":{\"@type\":\"ImageObject\",\"inLanguage\":\"pl-PL\",\"@id\":\"https:\\\/\\\/myownsignal.com\\\/pl\\\/#\\\/schema\\\/logo\\\/image\\\/\",\"url\":\"https:\\\/\\\/myownsignal.com\\\/wp-content\\\/uploads\\\/2024\\\/06\\\/Logo.png\",\"contentUrl\":\"https:\\\/\\\/myownsignal.com\\\/wp-content\\\/uploads\\\/2024\\\/06\\\/Logo.png\",\"width\":248,\"height\":75,\"caption\":\"My Own Signal\"},\"image\":{\"@id\":\"https:\\\/\\\/myownsignal.com\\\/pl\\\/#\\\/schema\\\/logo\\\/image\\\/\"},\"sameAs\":[\"https:\\\/\\\/www.linkedin.com\\\/company\\\/ownsignaltechnology\\\/\"]}]}<\/script>\n<!-- \/ Yoast SEO Premium plugin. -->","yoast_head_json":{"title":"O nas - My Own Signal","robots":{"index":"index","follow":"follow","max-snippet":"max-snippet:-1","max-image-preview":"max-image-preview:large","max-video-preview":"max-video-preview:-1"},"canonical":"https:\/\/myownsignal.com\/pl\/o-nas\/","og_locale":"pl_PL","og_type":"article","og_title":"O nas","og_description":"O nas Nasza zorientowana na przysz\u0142o\u015b\u0107 technologia opiera si\u0119 na odkryciach dokonanych w dziedzinie biofizyki w ubieg\u0142ym wieku. Jeste\u015bmy zespo\u0142em profesjonalist\u00f3w z r\u00f3\u017cnych dziedzin z siedzib\u0105 w Europie \u015arodkowej. Nasze zaanga\u017cowanie w innowacje i szacunek dla tradycji s\u0105 motorem rozwoju naszej niekonwencjonalnej, autorskiej technologii. Jako przedsi\u0119biorstwo spo\u0142eczne z turkusowym modelem zarz\u0105dzania, przedsi\u0119biorstwo spo\u0142eczne z turkusowym [&hellip;]","og_url":"https:\/\/myownsignal.com\/pl\/o-nas\/","og_site_name":"My Own Signal","article_modified_time":"2024-12-15T07:22:25+00:00","twitter_card":"summary_large_image","twitter_misc":{"Szacowany czas czytania":"1 minuta"},"schema":{"@context":"https:\/\/schema.org","@graph":[{"@type":"WebPage","@id":"https:\/\/myownsignal.com\/pl\/o-nas\/","url":"https:\/\/myownsignal.com\/pl\/o-nas\/","name":"O nas - My Own Signal","isPartOf":{"@id":"https:\/\/myownsignal.com\/pl\/#website"},"datePublished":"2024-05-17T22:12:16+00:00","dateModified":"2024-12-15T07:22:25+00:00","breadcrumb":{"@id":"https:\/\/myownsignal.com\/pl\/o-nas\/#breadcrumb"},"inLanguage":"pl-PL","potentialAction":[{"@type":"ReadAction","target":["https:\/\/myownsignal.com\/pl\/o-nas\/"]}]},{"@type":"BreadcrumbList","@id":"https:\/\/myownsignal.com\/pl\/o-nas\/#breadcrumb","itemListElement":[{"@type":"ListItem","position":1,"name":"Home","item":"https:\/\/myownsignal.com\/pl\/"},{"@type":"ListItem","position":2,"name":"O nas"}]},{"@type":"WebSite","@id":"https:\/\/myownsignal.com\/pl\/#website","url":"https:\/\/myownsignal.com\/pl\/","name":"My Own Signal","description":"Biophysical Health Innovation for Impacting Society","publisher":{"@id":"https:\/\/myownsignal.com\/pl\/#organization"},"potentialAction":[{"@type":"SearchAction","target":{"@type":"EntryPoint","urlTemplate":"https:\/\/myownsignal.com\/pl\/?s={search_term_string}"},"query-input":{"@type":"PropertyValueSpecification","valueRequired":true,"valueName":"search_term_string"}}],"inLanguage":"pl-PL"},{"@type":"Organization","@id":"https:\/\/myownsignal.com\/pl\/#organization","name":"My Own Signal","url":"https:\/\/myownsignal.com\/pl\/","logo":{"@type":"ImageObject","inLanguage":"pl-PL","@id":"https:\/\/myownsignal.com\/pl\/#\/schema\/logo\/image\/","url":"https:\/\/myownsignal.com\/wp-content\/uploads\/2024\/06\/Logo.png","contentUrl":"https:\/\/myownsignal.com\/wp-content\/uploads\/2024\/06\/Logo.png","width":248,"height":75,"caption":"My Own Signal"},"image":{"@id":"https:\/\/myownsignal.com\/pl\/#\/schema\/logo\/image\/"},"sameAs":["https:\/\/www.linkedin.com\/company\/ownsignaltechnology\/"]}]}},"_links":{"self":[{"href":"https:\/\/myownsignal.com\/pl\/wp-json\/wp\/v2\/pages\/641","targetHints":{"allow":["GET"]}}],"collection":[{"href":"https:\/\/myownsignal.com\/pl\/wp-json\/wp\/v2\/pages"}],"about":[{"href":"https:\/\/myownsignal.com\/pl\/wp-json\/wp\/v2\/types\/page"}],"author":[{"embeddable":true,"href":"https:\/\/myownsignal.com\/pl\/wp-json\/wp\/v2\/users\/1"}],"replies":[{"embeddable":true,"href":"https:\/\/myownsignal.com\/pl\/wp-json\/wp\/v2\/comments?post=641"}],"version-history":[{"count":6,"href":"https:\/\/myownsignal.com\/pl\/wp-json\/wp\/v2\/pages\/641\/revisions"}],"predecessor-version":[{"id":740,"href":"https:\/\/myownsignal.com\/pl\/wp-json\/wp\/v2\/pages\/641\/revisions\/740"}],"wp:attachment":[{"href":"https:\/\/myownsignal.com\/pl\/wp-json\/wp\/v2\/media?parent=641"}],"curies":[{"name":"wp","href":"https:\/\/api.w.org\/{rel}","templated":true}]}}